{"id":231,"date":"2025-09-16T08:56:49","date_gmt":"2025-09-16T15:56:49","guid":{"rendered":"https:\/\/oregonwings.org\/?page_id=231"},"modified":"2025-10-16T12:19:55","modified_gmt":"2025-10-16T19:19:55","slug":"projects","status":"publish","type":"page","link":"https:\/\/oregonwings.org\/es\/projects\/","title":{"rendered":"Proyectos"},"content":{"rendered":"<div data-elementor-type=\"wp-page\" data-elementor-id=\"231\" class=\"elementor elementor-231\" data-elementor-post-type=\"page\">\n\t\t\t\t<div class=\"elementor-element elementor-element-f815b32 e-flex e-con-boxed e-con e-parent\" data-id=\"f815b32\" data-element_type=\"container\" data-e-type=\"container\" data-settings=\"{&quot;background_background&quot;:&quot;classic&quot;}\">\n\t\t\t\t\t<div class=\"e-con-inner\">\n\t\t\t\t<div class=\"elementor-element elementor-element-e68195a elementor-widget elementor-widget-heading\" data-id=\"e68195a\" data-element_type=\"widget\" data-e-type=\"widget\" data-widget_type=\"heading.default\">\n\t\t\t\t\t<h1 class=\"elementor-heading-title elementor-size-default\">Proyectos<\/h1>\t\t\t\t<\/div>\n\t\t\t\t<div class=\"elementor-element elementor-element-6212bc5 elementor-widget elementor-widget-text-editor\" data-id=\"6212bc5\" data-element_type=\"widget\" data-e-type=\"widget\" data-widget_type=\"text-editor.default\">\n\t\t\t\t\t\t\t\t\t<p>Lo que hemos logrado hasta ahora<\/p>\t\t\t\t\t\t\t\t<\/div>\n\t\t\t\t\t<\/div>\n\t\t\t\t<\/div>\n\t\t<div class=\"elementor-element elementor-element-074c556 e-flex e-con-boxed e-con e-parent\" data-id=\"074c556\" data-element_type=\"container\" data-e-type=\"container\">\n\t\t\t\t\t<div class=\"e-con-inner\">\n\t\t\t\t<div class=\"elementor-element elementor-element-5549254 elementor-widget elementor-widget-text-editor\" data-id=\"5549254\" data-element_type=\"widget\" data-e-type=\"widget\" data-widget_type=\"text-editor.default\">\n\t\t\t\t\t\t\t\t\t<p id=\"yui_3_17_2_1_1758037602182_431\" class=\"\">Bajo la subvenci\u00f3n inicial, Oregon WINGS produjo una serie de publicaciones destinadas a informar y apoyar las decisiones de tutela. Las tres publicaciones son:<\/p><ul data-rte-list=\"default\"><li><p class=\"\">Un folleto informativo breve para profesionales m\u00e9dicos y de otros servicios de atenci\u00f3n que explica la tutela y las relaciones fiduciarias relacionadas.<\/p><\/li><li><p class=\"\">Un folleto informativo que re\u00fane todas las opciones de toma de decisiones fiduciarias disponibles en Oreg\u00f3n, con el prop\u00f3sito de ofrecer una fuente \u00fanica para las familias y seres queridos que necesiten identificar opciones fiduciarias.<\/p><\/li><li><p class=\"\">Una herramienta de planificaci\u00f3n centrada en la persona para que los tutores comprendan mejor a la(s) persona(s) protegida(s) y las decisiones que deben tomarse en su nombre.<\/p><\/li><\/ul><p id=\"yui_3_17_2_1_1758037602182_434\" class=\"\">En la siguiente fase de subvenciones de la Comisi\u00f3n sobre Derecho y Envejecimiento de la ABA, Oregon WINGS llev\u00f3 a cabo un proyecto de mapeo. Este proyecto cont\u00f3 con la ayuda de analistas profesionales para recopilar informaci\u00f3n de todo Oreg\u00f3n sobre las tutelas y la disponibilidad de alternativas. Encuestas, entrevistas, paneles y una reuni\u00f3n estatal de partes interesadas ayudaron a WINGS a conocer el conjunto de recursos y servicios disponibles para proteger a los adultos vulnerables, as\u00ed como las \u00e1reas donde existen brechas.\u00a0\u00a0\u00a0<\/p><p class=\"\">Siguiendo las recomendaciones del Proyecto de Mapeo, WINGS identific\u00f3 las brechas y prioriz\u00f3 proyectos destinados a llenarlas. Inicialmente, WINGS convoc\u00f3 dos grupos de trabajo:\u00a0<\/p><ul data-rte-list=\"default\"><li><p class=\"\">El grupo de trabajo del Proyecto de Relaciones P\u00fablicas, o Haga su plan, produjo un video, <a href=\"\/es\/get-a-life-plan\/\" target=\"_blank\" rel=\"noopener\">p\u00e1gina web<\/a>, y varios documentos informativos sobre las tutelas y las alternativas a las tutelas.<\/p><\/li><li><p class=\"\">El grupo de trabajo Capacitar al capacitador desarroll\u00f3 un plan de estudios de formaci\u00f3n destinado a ayudar a las organizaciones y entidades a capacitar a su personal sobre las tutelas y sus alternativas. La capacitaci\u00f3n incluye una presentaci\u00f3n en PowerPoint, una gu\u00eda para instructores y materiales de apoyo.<\/p><\/li><\/ul><p id=\"yui_3_17_2_1_1758037602182_412\" class=\"\">WINGS contin\u00faa manteniendo los materiales que ha producido hasta ahora y desarrollando nuevos proyectos y pol\u00edticas, seg\u00fan lo identificado en el proyecto de mapeo, que mejoren los resultados para los adultos vulnerables de Oreg\u00f3n.<\/p>\t\t\t\t\t\t\t\t<\/div>\n\t\t\t\t\t<\/div>\n\t\t\t\t<\/div>\n\t\t<div class=\"elementor-element elementor-element-98b0722 e-flex e-con-boxed e-con e-parent\" data-id=\"98b0722\" data-element_type=\"container\" data-e-type=\"container\">\n\t\t\t\t\t<div class=\"e-con-inner\">\n\t\t\t\t<div class=\"elementor-element elementor-element-9e20d1a elementor-widget elementor-widget-spacer\" data-id=\"9e20d1a\" data-element_type=\"widget\" data-e-type=\"widget\" data-widget_type=\"spacer.default\">\n\t\t\t\t\t\t\t<div class=\"elementor-spacer\">\n\t\t\t<div class=\"elementor-spacer-inner\"><\/div>\n\t\t<\/div>\n\t\t\t\t\t\t<\/div>\n\t\t\t\t\t<\/div>\n\t\t\t\t<\/div>\n\t\t\t\t<\/div>","protected":false},"excerpt":{"rendered":"<p>Projects What We Have Achieved So Far Under the initial grant Oregon WINGS produced a series of publications aimed at informing and supporting guardianship decisions.\u00a0 The three publications are: A brief information brochure for medical and other care professionals explaining guardianship and related fiduciary relationships. An informational booklet of all fiduciary decision-making options available in [&hellip;]<\/p>\n","protected":false},"author":1,"featured_media":0,"parent":0,"menu_order":0,"comment_status":"closed","ping_status":"closed","template":"","meta":{"_acf_changed":false,"footnotes":""},"class_list":["post-231","page","type-page","status-publish","hentry"],"acf":[],"_links":{"self":[{"href":"https:\/\/oregonwings.org\/es\/wp-json\/wp\/v2\/pages\/231","targetHints":{"allow":["GET"]}}],"collection":[{"href":"https:\/\/oregonwings.org\/es\/wp-json\/wp\/v2\/pages"}],"about":[{"href":"https:\/\/oregonwings.org\/es\/wp-json\/wp\/v2\/types\/page"}],"author":[{"embeddable":true,"href":"https:\/\/oregonwings.org\/es\/wp-json\/wp\/v2\/users\/1"}],"replies":[{"embeddable":true,"href":"https:\/\/oregonwings.org\/es\/wp-json\/wp\/v2\/comments?post=231"}],"version-history":[{"count":10,"href":"https:\/\/oregonwings.org\/es\/wp-json\/wp\/v2\/pages\/231\/revisions"}],"predecessor-version":[{"id":752,"href":"https:\/\/oregonwings.org\/es\/wp-json\/wp\/v2\/pages\/231\/revisions\/752"}],"wp:attachment":[{"href":"https:\/\/oregonwings.org\/es\/wp-json\/wp\/v2\/media?parent=231"}],"curies":[{"name":"wp","href":"https:\/\/api.w.org\/{rel}","templated":true}]}}